{"id":8964,"date":"2018-01-17T23:04:38","date_gmt":"2018-01-17T22:04:38","guid":{"rendered":"https:\/\/www.gletscherflug.ch\/?page_id=8964"},"modified":"2018-01-21T15:46:52","modified_gmt":"2018-01-21T14:46:52","slug":"schneebericht","status":"publish","type":"page","link":"https:\/\/www.gletschair.li\/index.php\/flugvorbereitung-2\/schneebericht\/","title":{"rendered":"Schneebericht"},"content":{"rendered":"<p><a href=\"https:\/\/www.slf.ch\/de\/lawinenbulletin-und-schneesituation.html#hn1d\"><strong>Neuschnee 1 Tag<\/strong><\/a> (Datenquelle SLF.ch)<br \/>\n<img decoding=\"async\" alt=\"Neuschnee 1 Tag\" src=\"http:\/\/www.slf.ch\/avalanche\/img\/hn1_de_c.png\"><\/p>\n<p><a href=\"https:\/\/www.slf.ch\/de\/lawinenbulletin-und-schneesituation.html#hn3d\"><strong>Neuschnee 3 Tage<\/strong><\/a> (Datenquelle SLF.ch)<br \/>\n<img decoding=\"async\" alt=\"Neuschnee 3 Tage\" src=\"http:\/\/www.slf.ch\/avalanche\/img\/hn3_de_c.png\"><\/p>\n<p><a href=\"https:\/\/www.slf.ch\/de\/lawinenbulletin-und-schneesituation.html#hstop\"><strong>Schneeh\u00f6he <\/strong><\/a> (Datenquelle SLF.ch)<br \/>\n<img decoding=\"async\" alt=\"Schneeh\u00f6he\" src=\"http:\/\/www.slf.ch\/avalanche\/img\/hstop_de_c.gif\"><\/p>\n<p><a href=\"https:\/\/www.slf.ch\/de\/lawinenbulletin-und-schneesituation.html#hsr\"><strong>Schneeh\u00f6he 2000 m<\/strong><\/a> (Datenquelle SLF.ch)<br \/>\n<img decoding=\"async\" alt=\"Neuschnee 1 Tag\" src=\"http:\/\/www.slf.ch\/avalanche\/img\/hsr_de_c.gif\"><\/p>\n<p><a href=\"https:\/\/www.slf.ch\/de\/lawinenbulletin-und-schneesituation.html#hsm\"><strong>Schneeh\u00f6he %&nbsp;<\/strong><\/a> (Datenquelle SLF.ch)<br \/>\n<img decoding=\"async\" alt=\"Neuschnee 1 Tag\" src=\"http:\/\/www.slf.ch\/avalanche\/img\/hsrel_de_c.gif\"><\/p>\n","protected":false},"excerpt":{"rendered":"<p>Neuschnee 1 Tag (Datenquelle SLF.ch) Neuschnee 3 Tage (Datenquelle SLF.ch) Schneeh\u00f6he (Datenquelle SLF.ch) Schneeh\u00f6he 2000 m (Datenquelle SLF.ch) Schneeh\u00f6he %&nbsp; (Datenquelle SLF.ch)<\/p>\n","protected":false},"author":4,"featured_media":0,"parent":6311,"menu_order":0,"comment_status":"closed","ping_status":"closed","template":"","meta":{"ngg_post_thumbnail":0,"footnotes":""},"class_list":["post-8964","page","type-page","status-publish","hentry"],"post_mailing_queue_ids":[],"_links":{"self":[{"href":"https:\/\/www.gletschair.li\/index.php\/wp-json\/wp\/v2\/pages\/8964","targetHints":{"allow":["GET"]}}],"collection":[{"href":"https:\/\/www.gletschair.li\/index.php\/wp-json\/wp\/v2\/pages"}],"about":[{"href":"https:\/\/www.gletschair.li\/index.php\/wp-json\/wp\/v2\/types\/page"}],"author":[{"embeddable":true,"href":"https:\/\/www.gletschair.li\/index.php\/wp-json\/wp\/v2\/users\/4"}],"replies":[{"embeddable":true,"href":"https:\/\/www.gletschair.li\/index.php\/wp-json\/wp\/v2\/comments?post=8964"}],"version-history":[{"count":5,"href":"https:\/\/www.gletschair.li\/index.php\/wp-json\/wp\/v2\/pages\/8964\/revisions"}],"predecessor-version":[{"id":8975,"href":"https:\/\/www.gletschair.li\/index.php\/wp-json\/wp\/v2\/pages\/8964\/revisions\/8975"}],"up":[{"embeddable":true,"href":"https:\/\/www.gletschair.li\/index.php\/wp-json\/wp\/v2\/pages\/6311"}],"wp:attachment":[{"href":"https:\/\/www.gletschair.li\/index.php\/wp-json\/wp\/v2\/media?parent=8964"}],"curies":[{"name":"wp","href":"https:\/\/api.w.org\/{rel}","templated":true}]}}