{"id":8829,"date":"2018-01-14T21:35:04","date_gmt":"2018-01-14T20:35:04","guid":{"rendered":"https:\/\/www.gletscherflug.ch\/?page_id=8829"},"modified":"2022-05-08T20:36:32","modified_gmt":"2022-05-08T18:36:32","slug":"webcam","status":"publish","type":"page","link":"https:\/\/www.gletschair.li\/index.php\/flugvorbereitung-2\/webcam\/","title":{"rendered":"Webcam Ostschweiz"},"content":{"rendered":"\n<p>LSZK RWY30<br><img decoding=\"async\" src=\"http:\/\/www.fgzo.ch\/webcam\/images\/fgzo2.jpg\" alt=\"LSZK RWY30\"><br>LSZK RWY12<br><img decoding=\"async\" src=\"http:\/\/www.fgzo.ch\/webcam\/images\/fgzo.jpg\" alt=\"LSZK RWY12\"><\/p>\n\n\n\n<p>Wetzikon<br><iframe loading=\"lazy\" src=\"https:\/\/gzo.roundshot.com\/\" width=\"800\" height=\"320\" frameborder=\"0\" allowfullscreen=\"allowfullscreen\"><\/iframe><br>\u00dcetliberg<br><iframe loading=\"lazy\" src=\"https:\/\/uetliberg.roundshot.com\/\" width=\"800\" height=\"320\" frameborder=\"0\" allowfullscreen=\"allowfullscreen\"><\/iframe><\/p>\n\n\n\n<p>Sch\u00e4nis Richtung Obersee<br><img decoding=\"async\" src=\"https:\/\/flugplatz-schaenis.ch\/cam_schaenis_high.jpg\" alt=\"Sch\u00e4nis Richtung Obersee\"><\/p>\n\n\n\n<p>Mollis Richtung S\u00fcd<br><img decoding=\"async\" src=\"https:\/\/webcams.glaronia.ch\/flugplatz_mollis_sued.jpg\" alt=\"Mollis Richtung S\u00fcd\">\n<br>Mollis Richtung Nord<br><img decoding=\"async\" src=\"https:\/\/webcams.glaronia.ch\/flugplatz_mollis_nord.jpg\" alt=\"Mollis Richtung Nord\"><\/p>\n\n\n\n<p>Pizol<br><img decoding=\"async\" src=\"http:\/\/wtvthmb.feratel.com\/thumbnails\/34170.jpeg?t=38&amp;design=v3\" alt=\"Pizol\"><\/p>\n\n\n\n<p>S\u00e4ntis<br><iframe loading=\"lazy\" src=\"https:\/\/saentis.roundshot.com\/\" width=\"800\" height=\"320\" frameborder=\"0\" allowfullscreen=\"allowfullscreen\"><\/iframe><\/p>\n\n\n\n<p>Vorab<br><iframe loading=\"lazy\" src=\"https:\/\/laax.roundshot.com\/vorab-gletscher\/\" width=\"800\" height=\"320\" frameborder=\"0\" allowfullscreen=\"allowfullscreen\"><\/iframe><\/p>\n\n\n\n<p>Crab Sogn Gion<br><iframe loading=\"lazy\" src=\"https:\/\/laax.roundshot.com\/crap-sogn-gion-park\/\" width=\"800\" height=\"320\" frameborder=\"0\" allowfullscreen=\"allowfullscreen\"><\/iframe><\/p>\n\n\n\n<p>Glattalp Richtung Ortstock<br><img decoding=\"async\" src=\"https:\/\/glattalp.ch\/upload\/webcam\/live1.jpg?1643462379\" alt=\"Glattalp Richtung Ortstock\"><br>Glattalp Richtung Windg\u00e4llen<br><img decoding=\"async\" src=\"https:\/\/glattalp.ch\/upload\/webcam\/live2.jpg?1643462526\" alt=\"Glattalp Richtung Windg\u00e4llen\"><\/p>\n\n\n\n<p>Planurah\u00fctte<br><img decoding=\"async\" src=\"https:\/\/planurahuette.ch\/webcam\/planurahuette.jpg\" alt=\"Planurah\u00fctte\"><br><\/p>\n\n\n\n<p>Braunwald<br><img decoding=\"async\" src=\"http:\/\/backend.roundshot.com\/cams\/557\" alt=\"Braunwald\"><br><iframe loading=\"lazy\" src=\"https:\/\/braunwald.roundshot.com\/gumen\/\" width=\"800\" height=\"320\" frameborder=\"0\" allowfullscreen=\"allowfullscreen\"><\/iframe><\/p>\n\n\n\n<p>LSZF &#8211; BIRRFELD<br><iframe loading=\"lazy\" src=\"https:\/\/birrfeld.roundshot.com\/\" width=\"800\" height=\"320\" frameborder=\"0\" allowfullscreen=\"allowfullscreen\"><\/iframe><\/p>\n\n\n\n<p>LSZS &#8211; Samedan, West<br><img decoding=\"async\" src=\"http:\/\/webcam.engadin-airport.ch\/liveimages\/west36.jpg\" alt=\"Samedan West\" style=\"\"><br>LSZS &#8211; Samedan, Ost<br><img decoding=\"async\" src=\"http:\/\/www.engadin-airport.ch\/liveimages\/east.jpg\" alt=\"Samedan Ost\"><\/p>\n\n\n\n<p>LSZS &#8211; Samedan<br><iframe loading=\"lazy\" src=\"https:\/\/engadin-airport.roundshot.com\/\" width=\"800\" height=\"320\" frameborder=\"0\" allowfullscreen=\"allowfullscreen\"><\/iframe><\/p>\n\n\n\n<div class=\"wp-block-columns is-layout-flex wp-container-core-columns-is-layout-9d6595d7 wp-block-columns-is-layout-flex\">\n<div class=\"wp-block-column is-layout-flow wp-block-column-is-layout-flow\" style=\"flex-basis:100%\"><\/div>\n<\/div>\n\n\n\n<p><\/p>\n","protected":false},"excerpt":{"rendered":"<p>LSZK RWY30LSZK RWY12 Wetzikon\u00dcetliberg Sch\u00e4nis Richtung Obersee Mollis Richtung S\u00fcd Mollis Richtung Nord Pizol S\u00e4ntis Vorab Crab Sogn Gion Glattalp Richtung OrtstockGlattalp Richtung Windg\u00e4llen Planurah\u00fctte Braunwald LSZF &#8211; BIRRFELD LSZS &#8211; Samedan, WestLSZS &#8211; Samedan, Ost LSZS &#8211; Samedan<\/p>\n","protected":false},"author":4,"featured_media":0,"parent":6311,"menu_order":0,"comment_status":"closed","ping_status":"closed","template":"","meta":{"ngg_post_thumbnail":0,"footnotes":""},"class_list":["post-8829","page","type-page","status-publish","hentry"],"post_mailing_queue_ids":[],"_links":{"self":[{"href":"https:\/\/www.gletschair.li\/index.php\/wp-json\/wp\/v2\/pages\/8829","targetHints":{"allow":["GET"]}}],"collection":[{"href":"https:\/\/www.gletschair.li\/index.php\/wp-json\/wp\/v2\/pages"}],"about":[{"href":"https:\/\/www.gletschair.li\/index.php\/wp-json\/wp\/v2\/types\/page"}],"author":[{"embeddable":true,"href":"https:\/\/www.gletschair.li\/index.php\/wp-json\/wp\/v2\/users\/4"}],"replies":[{"embeddable":true,"href":"https:\/\/www.gletschair.li\/index.php\/wp-json\/wp\/v2\/comments?post=8829"}],"version-history":[{"count":56,"href":"https:\/\/www.gletschair.li\/index.php\/wp-json\/wp\/v2\/pages\/8829\/revisions"}],"predecessor-version":[{"id":11633,"href":"https:\/\/www.gletschair.li\/index.php\/wp-json\/wp\/v2\/pages\/8829\/revisions\/11633"}],"up":[{"embeddable":true,"href":"https:\/\/www.gletschair.li\/index.php\/wp-json\/wp\/v2\/pages\/6311"}],"wp:attachment":[{"href":"https:\/\/www.gletschair.li\/index.php\/wp-json\/wp\/v2\/media?parent=8829"}],"curies":[{"name":"wp","href":"https:\/\/api.w.org\/{rel}","templated":true}]}}