{"id":682,"date":"2010-03-08T13:37:29","date_gmt":"2010-03-08T13:37:29","guid":{"rendered":"http:\/\/wordpress.gletscherflug.ch\/?page_id=682"},"modified":"2018-01-04T18:49:04","modified_gmt":"2018-01-04T18:49:04","slug":"videos","status":"publish","type":"page","link":"https:\/\/www.gletschair.li\/index.php\/gallery\/videos\/","title":{"rendered":"Videos"},"content":{"rendered":"<p><a href=\"https:\/\/www.rts.ch\/archives\/tv\/divers\/documentaires\/9010431-pilote-des-glaciers.html\">Hermann Geiger <\/a>1958 T\u00e9l\u00e9vison Suisse Romand 28 min.<\/p>\n<p><a href=\"http:\/\/www.videoportal.sf.tv\/video?id=eca0c3e1-708d-4f2a-9461-39a5451d457c\">Hermann Geiger <\/a>1966 Schweizer Fernsehen 3 min.<\/p>\n<p><a href=\"http:\/\/www.ina.fr\/economie-et-societe\/vie-sociale\/video\/CPF04006092\/pilote-de-montagne.fr.html\">Henri Giraud <\/a>1969 l&#8217;Institut national de l&#8217;audiovisuel 13 min.<\/p>\n<p><a href=\"http:\/\/www.rts.ch\/archives\/tv\/information\/madame-tv\/3436457-une-femme-pilote.html\">Sonja Hertig <\/a>1966 T\u00e9l\u00e9vison Suisse Romand 25 min.<\/p>\n<p><a href=\"http:\/\/www.rts.ch\/archives\/tv\/divers\/mon-pere-est-formidable\/3436458-fernand-martignoni.html\">Fernand <\/a>Martignoni 1967 T\u00e9l\u00e9vison Suisse Romand 29 min.<\/p>\n<p><a href=\"http:\/\/www.rts.ch\/archives\/tv\/divers\/croquis\/3454965-survoler-les-alpes.html\">Bruno Bagnoud <\/a>1971 T\u00e9l\u00e9vison Suisse Romand 19 min.<\/p>\n<p><strong>Rettung vom Gauligletscher<\/strong> (Format NZZ 1998)<br \/>\n<iframe loading=\"lazy\" title=\"Bruchlandung auf dem Gletscher - Dokumentation von NZZ Format (1998)\" width=\"525\" height=\"394\" src=\"https:\/\/www.youtube.com\/embed\/UgVwDSfKQ3Y?feature=oembed\" frameborder=\"0\" allow=\"accelerometer; autoplay; clipboard-write; encrypted-media; gyroscope; picture-in-picture; web-share\" referrerpolicy=\"strict-origin-when-cross-origin\" allowfullscreen><\/iframe><\/p>\n<p><strong>Gletscherfliegen &#8211; Teil I<\/strong><br \/>\n<iframe loading=\"lazy\" title=\"Gletscherfliegen - Teil I\" width=\"525\" height=\"394\" src=\"https:\/\/www.youtube.com\/embed\/fNXG0noUIYY?feature=oembed\" frameborder=\"0\" allow=\"accelerometer; autoplay; clipboard-write; encrypted-media; gyroscope; picture-in-picture; web-share\" referrerpolicy=\"strict-origin-when-cross-origin\" allowfullscreen><\/iframe><\/p>\n<p><strong>Gletscherfliegen &#8211; Teil II<\/strong><br \/>\n<iframe loading=\"lazy\" title=\"Gletscherfliegen - Teil II\" width=\"525\" height=\"394\" src=\"https:\/\/www.youtube.com\/embed\/IQnDlxj5pGI?feature=oembed\" frameborder=\"0\" allow=\"accelerometer; autoplay; clipboard-write; encrypted-media; gyroscope; picture-in-picture; web-share\" referrerpolicy=\"strict-origin-when-cross-origin\" allowfullscreen><\/iframe><\/p>\n<p>Ausschnitt aus <strong>die Eroberung der Alpen<\/strong> mit Hans Fuchs (ARTE)<br \/>\n<iframe loading=\"lazy\" title=\"Gletscherpilot Hans Fuchs\" width=\"525\" height=\"394\" src=\"https:\/\/www.youtube.com\/embed\/0yQMjXST80A?feature=oembed\" frameborder=\"0\" allow=\"accelerometer; autoplay; clipboard-write; encrypted-media; gyroscope; picture-in-picture; web-share\" referrerpolicy=\"strict-origin-when-cross-origin\" allowfullscreen><\/iframe><\/p>\n","protected":false},"excerpt":{"rendered":"<p>Hermann Geiger 1958 T\u00e9l\u00e9vison Suisse Romand 28 min. Hermann Geiger 1966 Schweizer Fernsehen 3 min. Henri Giraud 1969 l&#8217;Institut national de l&#8217;audiovisuel 13 min. Sonja Hertig 1966 T\u00e9l\u00e9vison Suisse Romand 25 min. Fernand Martignoni 1967 T\u00e9l\u00e9vison Suisse Romand 29 min. Bruno Bagnoud 1971 T\u00e9l\u00e9vison Suisse Romand 19 min. Rettung vom Gauligletscher (Format NZZ 1998) Gletscherfliegen &hellip; <\/p>\n<p class=\"link-more\"><a href=\"https:\/\/www.gletschair.li\/index.php\/gallery\/videos\/\" class=\"more-link\"><span class=\"screen-reader-text\">&#171;Videos&#187;<\/span> weiterlesen<\/a><\/p>\n","protected":false},"author":4,"featured_media":0,"parent":693,"menu_order":10,"comment_status":"closed","ping_status":"closed","template":"","meta":{"ngg_post_thumbnail":0,"footnotes":""},"class_list":["post-682","page","type-page","status-publish","hentry"],"post_mailing_queue_ids":[],"_links":{"self":[{"href":"https:\/\/www.gletschair.li\/index.php\/wp-json\/wp\/v2\/pages\/682","targetHints":{"allow":["GET"]}}],"collection":[{"href":"https:\/\/www.gletschair.li\/index.php\/wp-json\/wp\/v2\/pages"}],"about":[{"href":"https:\/\/www.gletschair.li\/index.php\/wp-json\/wp\/v2\/types\/page"}],"author":[{"embeddable":true,"href":"https:\/\/www.gletschair.li\/index.php\/wp-json\/wp\/v2\/users\/4"}],"replies":[{"embeddable":true,"href":"https:\/\/www.gletschair.li\/index.php\/wp-json\/wp\/v2\/comments?post=682"}],"version-history":[{"count":5,"href":"https:\/\/www.gletschair.li\/index.php\/wp-json\/wp\/v2\/pages\/682\/revisions"}],"predecessor-version":[{"id":6321,"href":"https:\/\/www.gletschair.li\/index.php\/wp-json\/wp\/v2\/pages\/682\/revisions\/6321"}],"up":[{"embeddable":true,"href":"https:\/\/www.gletschair.li\/index.php\/wp-json\/wp\/v2\/pages\/693"}],"wp:attachment":[{"href":"https:\/\/www.gletschair.li\/index.php\/wp-json\/wp\/v2\/media?parent=682"}],"curies":[{"name":"wp","href":"https:\/\/api.w.org\/{rel}","templated":true}]}}