{"id":6460,"date":"2018-01-12T21:43:54","date_gmt":"2018-01-12T21:43:54","guid":{"rendered":"http:\/\/www.pezzotti.li\/?page_id=6460"},"modified":"2018-01-12T21:57:41","modified_gmt":"2018-01-12T21:57:41","slug":"ausbildung-zum-gebirgs-und-gletscherpiloten-in-der-schweiz-2","status":"publish","type":"page","link":"https:\/\/www.gletschair.li\/index.php\/operation\/ausbildung\/ausbildung-zum-gebirgs-und-gletscherpiloten-in-der-schweiz-2\/","title":{"rendered":"Ausbildung zum Gebirgs und Gletscherpiloten in der Schweiz"},"content":{"rendered":"<p>Seit Inkrafttreten der EASA-<a href=\"http:\/\/eur-lex.europa.eu\/legal-content\/DE\/TXT\/PDF\/?uri=CELEX:32011R1178&amp;from=DE\">Verordnung 1178\/2011 regelt der Art. FCL.815<\/a> die Rechte, sowie den Erhalt der Bergflugberechtigung..<\/p>\n<p>Die bisher g\u00fcltigen <a href=\"http:\/\/www.admin.ch\/ch\/d\/sr\/748_222_1\/a63.html\">Artikel 63 und 64 \/ RFP (SR 48.222.1)<\/a> Verordnung des UVEK werden durch den Art. FCL.815 ersetzt.<\/p>\n<p><strong>Kurzfassung FCL.815 Bergflugberechtigung<br \/>\n<\/strong>Die Rechte des Inhabers einer Bergflugberechtigung bestehen in der Durchf\u00fchrung von Fl\u00fcgen mit Flugzeugen von und zu Gel\u00e4nden, f\u00fcr die die entsprechende von den Mitgliedstaaten bestimmte Beh\u00f6rde festgelegt hat, dass eine solche Berechtigung erforderlich ist (Siehe VFR AGA 3.3.1).<\/p>\n<p>Die erstmalige Bergflugberechtigung kann auf Ski oder Rad erlangt werden:<br \/>\nDazu muss der Bewerber innerhalb eines Zeitraums von 24 Monaten einen Lehrgang mit theoretischem Unterricht und Flugausbildung bei einer ATO absolviert haben.<br \/>\nNach Abschluss der Ausbildung muss der Bewerber eine praktische Pr\u00fcfung bei einem zu diesem Zweck qualifizierten Pr\u00fcfer absolvieren.<br \/>\nDie praktische Pr\u00fcfung umfasst Folgendes:<br \/>\n&#8211; Eine m\u00fcndliche Pr\u00fcfung der theoretischen Kenntnisse;<br \/>\n&#8211; 6 Landungen auf mindestens 2 verschiedenen Gel\u00e4nden, f\u00fcr die festgelegt ist, dass eine Bergflugberechtigung erforderlich ist, und die nicht das Abflug-Gel\u00e4nde sind.<\/p>\n<p>Die G\u00fcltigkeit f\u00fcr die Bergflugberechtigung gilt f\u00fcr einen Zeitraum von 24 Monaten. F\u00fcr die Verl\u00e4ngerung einer Bergflugberechtigung muss der Bewerber:<br \/>\n&#8211; mindestens 6 Berglandungen in den letzten 24 Monaten absolviert haben oder<br \/>\n&#8211; eine Bef\u00e4higungs\u00fcberpr\u00fcfung bestehen. Der Bef\u00e4higungs\u00fcberpr\u00fcfung muss den nachfolgenden Anforderungen gem\u00e4\u00df Buchstabe c gen\u00fcgen.<\/p>\n<p><strong>Erg\u00e4nzende Empfehlungen der SGPV\/ASPG:<br \/>\n<\/strong><em>Erstausbildung oder Vertrautmachen der Bergflugberechtigung auf Ski:<\/em><br \/>\na)\u00a0 Er muss wenigstens 200 Flugstunden auf Flugzeugen, wovon 100 Flugstunden als verantwortlicher Pilot, nachweisen; daran k\u00f6nnen bis zu 50 Hubschrauber-, Segelflug- und Motorseglerstunden angerechnet werden.<br \/>\nb)\u00a0 Er muss unter Aufsicht eines Bergfluglehrers MI(A), wenigstens 250 Landungen, wovon 50 in den Monaten November bis M\u00e4rz, auf wenigstens 10 verschiedenen Gebirgslandepl\u00e4tzen ausgef\u00fchrt haben<\/p>\n<p><em>Erstausbildung oder Vertrautmachen der Bergflugberechtigung auf R\u00e4der:<br \/>\n<\/em>a)\u00a0 Er muss wenigstens 200 Flugstunden auf Flugzeugen, wovon 100 Flugstunden als verantwortlicher Pilot, nachweisen; daran k\u00f6nnen bis zu 50 Hubschrauber-, Segelflug- und Motorseglerstunden angerechnet werden.<br \/>\nb)\u00a0 Er muss unter Aufsicht eines Bergfluglehrers MI(A), wenigstens 50 Landungen (Gras\/Ger\u00f6ll).<\/p>\n<p>Man darf damit rechnen, dass bis zur Pr\u00fcfungsreife etwa 8 bis 10 Fl\u00fcge notwendig sind.\u00a0 Kostenm\u00e4ssig muss mit einem Aufwand von ca. 10&#8217;000.&#8211; Franken gerechnet werden.<\/p>\n","protected":false},"excerpt":{"rendered":"<p>Seit Inkrafttreten der EASA-Verordnung 1178\/2011 regelt der Art. FCL.815 die Rechte, sowie den Erhalt der Bergflugberechtigung.. Die bisher g\u00fcltigen Artikel 63 und 64 \/ RFP (SR 48.222.1) Verordnung des UVEK werden durch den Art. FCL.815 ersetzt. Kurzfassung FCL.815 Bergflugberechtigung Die Rechte des Inhabers einer Bergflugberechtigung bestehen in der Durchf\u00fchrung von Fl\u00fcgen mit Flugzeugen von und &hellip; <\/p>\n<p class=\"link-more\"><a href=\"https:\/\/www.gletschair.li\/index.php\/operation\/ausbildung\/ausbildung-zum-gebirgs-und-gletscherpiloten-in-der-schweiz-2\/\" class=\"more-link\"><span class=\"screen-reader-text\">&#171;Ausbildung zum Gebirgs und Gletscherpiloten in der Schweiz&#187;<\/span> weiterlesen<\/a><\/p>\n","protected":false},"author":4,"featured_media":0,"parent":479,"menu_order":1,"comment_status":"closed","ping_status":"closed","template":"","meta":{"ngg_post_thumbnail":0,"footnotes":""},"class_list":["post-6460","page","type-page","status-publish","hentry"],"post_mailing_queue_ids":[],"_links":{"self":[{"href":"https:\/\/www.gletschair.li\/index.php\/wp-json\/wp\/v2\/pages\/6460","targetHints":{"allow":["GET"]}}],"collection":[{"href":"https:\/\/www.gletschair.li\/index.php\/wp-json\/wp\/v2\/pages"}],"about":[{"href":"https:\/\/www.gletschair.li\/index.php\/wp-json\/wp\/v2\/types\/page"}],"author":[{"embeddable":true,"href":"https:\/\/www.gletschair.li\/index.php\/wp-json\/wp\/v2\/users\/4"}],"replies":[{"embeddable":true,"href":"https:\/\/www.gletschair.li\/index.php\/wp-json\/wp\/v2\/comments?post=6460"}],"version-history":[{"count":6,"href":"https:\/\/www.gletschair.li\/index.php\/wp-json\/wp\/v2\/pages\/6460\/revisions"}],"predecessor-version":[{"id":6471,"href":"https:\/\/www.gletschair.li\/index.php\/wp-json\/wp\/v2\/pages\/6460\/revisions\/6471"}],"up":[{"embeddable":true,"href":"https:\/\/www.gletschair.li\/index.php\/wp-json\/wp\/v2\/pages\/479"}],"wp:attachment":[{"href":"https:\/\/www.gletschair.li\/index.php\/wp-json\/wp\/v2\/media?parent=6460"}],"curies":[{"name":"wp","href":"https:\/\/api.w.org\/{rel}","templated":true}]}}