{"id":436,"date":"2009-07-05T23:09:52","date_gmt":"2009-07-05T23:09:52","guid":{"rendered":"http:\/\/wordpress.gletscherflug.ch\/?page_id=436"},"modified":"2018-01-03T18:30:53","modified_gmt":"2018-01-03T18:30:53","slug":"disclaimer","status":"publish","type":"page","link":"https:\/\/www.gletschair.li\/index.php\/operation\/gebirgssflugtipps\/disclaimer\/","title":{"rendered":"Disclaimer"},"content":{"rendered":"<p>Sicherlich sind bei diesen kurzen \u00dcberlegungen nicht alle Faktoren ber\u00fccksichtigt, die es zu beachten gilt. Eine Haftung muss ich deshalb strikte ablehnen. Nichts dem zum Trotz kann Fliegen in den Alpen, wenn seri\u00f6s betrieben, \u00fcberaus sicher sein und die Eindr\u00fccke, die sich einem einpr\u00e4gen, geh\u00f6ren zu den sch\u00f6nsten Erlebnissen, die sich mit einem Flugzeug \u00fcberhaupt erfliegen lassen.<\/p>\n<p>Scheuen sie sich darum nicht davor und machen sie sich auf jeden Fall schlauer mit mindestens einer, besser zwei Alpeneinweisung! Ich hoffe, ich treffe sie dann bald bei uns in unserer herrlichen Schweizer Berg und Gletscherwelt.<\/p>\n<p>Hans Fuchs, Manuel Pezzotti<\/p>\n","protected":false},"excerpt":{"rendered":"<p>Sicherlich sind bei diesen kurzen \u00dcberlegungen nicht alle Faktoren ber\u00fccksichtigt, die es zu beachten gilt. Eine Haftung muss ich deshalb strikte ablehnen. Nichts dem zum Trotz kann Fliegen in den Alpen, wenn seri\u00f6s betrieben, \u00fcberaus sicher sein und die Eindr\u00fccke, die sich einem einpr\u00e4gen, geh\u00f6ren zu den sch\u00f6nsten Erlebnissen, die sich mit einem Flugzeug \u00fcberhaupt &hellip; <\/p>\n<p class=\"link-more\"><a href=\"https:\/\/www.gletschair.li\/index.php\/operation\/gebirgssflugtipps\/disclaimer\/\" class=\"more-link\"><span class=\"screen-reader-text\">&#171;Disclaimer&#187;<\/span> weiterlesen<\/a><\/p>\n","protected":false},"author":4,"featured_media":0,"parent":407,"menu_order":80,"comment_status":"closed","ping_status":"closed","template":"","meta":{"ngg_post_thumbnail":0,"footnotes":""},"class_list":["post-436","page","type-page","status-publish","hentry"],"post_mailing_queue_ids":[],"_links":{"self":[{"href":"https:\/\/www.gletschair.li\/index.php\/wp-json\/wp\/v2\/pages\/436","targetHints":{"allow":["GET"]}}],"collection":[{"href":"https:\/\/www.gletschair.li\/index.php\/wp-json\/wp\/v2\/pages"}],"about":[{"href":"https:\/\/www.gletschair.li\/index.php\/wp-json\/wp\/v2\/types\/page"}],"author":[{"embeddable":true,"href":"https:\/\/www.gletschair.li\/index.php\/wp-json\/wp\/v2\/users\/4"}],"replies":[{"embeddable":true,"href":"https:\/\/www.gletschair.li\/index.php\/wp-json\/wp\/v2\/comments?post=436"}],"version-history":[{"count":1,"href":"https:\/\/www.gletschair.li\/index.php\/wp-json\/wp\/v2\/pages\/436\/revisions"}],"predecessor-version":[{"id":6045,"href":"https:\/\/www.gletschair.li\/index.php\/wp-json\/wp\/v2\/pages\/436\/revisions\/6045"}],"up":[{"embeddable":true,"href":"https:\/\/www.gletschair.li\/index.php\/wp-json\/wp\/v2\/pages\/407"}],"wp:attachment":[{"href":"https:\/\/www.gletschair.li\/index.php\/wp-json\/wp\/v2\/media?parent=436"}],"curies":[{"name":"wp","href":"https:\/\/api.w.org\/{rel}","templated":true}]}}