{"id":431,"date":"2009-07-05T23:03:21","date_gmt":"2009-07-05T23:03:21","guid":{"rendered":"http:\/\/wordpress.gletscherflug.ch\/?page_id=431"},"modified":"2019-12-30T17:39:59","modified_gmt":"2019-12-30T16:39:59","slug":"typische-unfalle-im-gebirge","status":"publish","type":"page","link":"https:\/\/www.gletschair.li\/index.php\/operation\/gebirgssflugtipps\/typische-unfalle-im-gebirge\/","title":{"rendered":"Typische Unf\u00e4lle im Gebirge"},"content":{"rendered":"<p>Wichtig ! der <strong>typische Unfall<\/strong> am Pass l\u00e4uft wie folgt ab ! Der Pilot versucht den <strong>Pass im Steigflug <\/strong>zu \u00fcberqueren. Die Flugzeugnase schaut dabei in die Luft und so auch der Pilot. Das <strong>Bild<\/strong>, das er dabei vor sich hat, gaukelt ihm vor, er k\u00f6nne den Pass leicht \u00fcberwinden, ja er befinde sich sogar viel <strong>h\u00f6her als der Pass<\/strong> selbst. Das ist aber <strong>nur eine optische T\u00e4uschung<\/strong> ! W\u00fcrde das Flugzeug in horizontal Lage gebracht, w\u00fcrde man klar den Pass\u00fcbergang vor oder \u00fcber sich haben. So wird nun weiter geflogen bis es zur Umkehr zu sp\u00e4t ist, oder man ist dann in der Umkehrkurve, weil ohnehin mit maximalem Anstellwinkel und minimaler Fahrt unterwegs zu langsam und stallt das Flugzeug.<\/p>\n<p>Also bitte, bitte, wenn Sie noch ein bisschen leben wollen, schrauben sie sich <strong>vor<\/strong> dem <strong>Einflug<\/strong> ins Tal <strong>\u00fcber die Passh\u00f6he<\/strong> und bringen sie das Flugzeug um Gottes Willen in eine horizontale Fluglage !<\/p>\n<p>Hier ein Unfallbericht eines <a href=\"https:\/\/www.sust.admin.ch\/inhalte\/AV-berichte\/1730.pdf\">typischen Unfalles<\/a> am Gotthard Pass.<\/p>\n<p>Und noch etwas, das immer wieder meist auch noch ohne Sauerstoff und Turbolader versucht wird. <strong>VFR on top \u00fcber die Alpen<\/strong>, ist zumal bei kr\u00e4ftig steigenden towering Cumuli nichts weiter als Russisches Roulett.<strong> Vergessen Sie`s !<\/strong> Hier ein <a href=\"https:\/\/www.sust.admin.ch\/inhalte\/AV-berichte\/1730.pdf\">negatives Beispiel<\/a>, wie man es nicht machen soll und <a href=\"https:\/\/www.sust.admin.ch\/inhalte\/AV-berichte\/1680.pdf\">so auch nicht<\/a>.<\/p>\n<p><a href=\"\/index.php\/operation\/gebirgssflugtipps\/disclaimer\/\">weiter<\/a><\/p>\n","protected":false},"excerpt":{"rendered":"<p>Wichtig ! der typische Unfall am Pass l\u00e4uft wie folgt ab ! Der Pilot versucht den Pass im Steigflug zu \u00fcberqueren. Die Flugzeugnase schaut dabei in die Luft und so auch der Pilot. Das Bild, das er dabei vor sich hat, gaukelt ihm vor, er k\u00f6nne den Pass leicht \u00fcberwinden, ja er befinde sich sogar &hellip; <\/p>\n<p class=\"link-more\"><a href=\"https:\/\/www.gletschair.li\/index.php\/operation\/gebirgssflugtipps\/typische-unfalle-im-gebirge\/\" class=\"more-link\"><span class=\"screen-reader-text\">&#171;Typische Unf\u00e4lle im Gebirge&#187;<\/span> weiterlesen<\/a><\/p>\n","protected":false},"author":4,"featured_media":0,"parent":407,"menu_order":60,"comment_status":"closed","ping_status":"closed","template":"","meta":{"ngg_post_thumbnail":0,"footnotes":""},"class_list":["post-431","page","type-page","status-publish","hentry"],"post_mailing_queue_ids":[],"_links":{"self":[{"href":"https:\/\/www.gletschair.li\/index.php\/wp-json\/wp\/v2\/pages\/431","targetHints":{"allow":["GET"]}}],"collection":[{"href":"https:\/\/www.gletschair.li\/index.php\/wp-json\/wp\/v2\/pages"}],"about":[{"href":"https:\/\/www.gletschair.li\/index.php\/wp-json\/wp\/v2\/types\/page"}],"author":[{"embeddable":true,"href":"https:\/\/www.gletschair.li\/index.php\/wp-json\/wp\/v2\/users\/4"}],"replies":[{"embeddable":true,"href":"https:\/\/www.gletschair.li\/index.php\/wp-json\/wp\/v2\/comments?post=431"}],"version-history":[{"count":8,"href":"https:\/\/www.gletschair.li\/index.php\/wp-json\/wp\/v2\/pages\/431\/revisions"}],"predecessor-version":[{"id":9824,"href":"https:\/\/www.gletschair.li\/index.php\/wp-json\/wp\/v2\/pages\/431\/revisions\/9824"}],"up":[{"embeddable":true,"href":"https:\/\/www.gletschair.li\/index.php\/wp-json\/wp\/v2\/pages\/407"}],"wp:attachment":[{"href":"https:\/\/www.gletschair.li\/index.php\/wp-json\/wp\/v2\/media?parent=431"}],"curies":[{"name":"wp","href":"https:\/\/api.w.org\/{rel}","templated":true}]}}