{"id":429,"date":"2009-07-05T22:44:42","date_gmt":"2009-07-05T22:44:42","guid":{"rendered":"http:\/\/wordpress.gletscherflug.ch\/?page_id=429"},"modified":"2018-01-03T21:18:16","modified_gmt":"2018-01-03T21:18:16","slug":"kabel","status":"publish","type":"page","link":"https:\/\/www.gletschair.li\/index.php\/operation\/gebirgssflugtipps\/kabel\/","title":{"rendered":"Kabel"},"content":{"rendered":"<p>Vorsicht auch in den T\u00e4lern, denn sie sind geradezu mit Kabeln verseucht. Fast jedes Jahr sind meist t\u00f6dliche Abst\u00fcrze wegen Kollisionen mit den unsichtbaren Killern zu verzeichnen. Daher ist es ein Gebot der Vernunft, nie zu tief in einem Tal zu fliegen und immer davon auszugehen, dass wo ein Kabel gespannt werden k\u00f6nnte, auch eines gespannt ist.<\/p>\n<p>Moderne <a href=\"http:\/\/www.flarm.com\/\">FLARM<\/a> Ger\u00e4te haben eine Hindernisdatenbank, in der alle in der Schweiz gemeldeten Hindernisse und Kabel in einer Datenbank abgelegt sind. Sie warnen also nicht nur vor andern Flugzeugen und sind heutzutage einfach ein Muss.<\/p>\n<p>Weitere Tipps zum <a href=\"http:\/\/www.mfvs.ch\/images\/mfvs\/saferflying\/safer_flying_8_d.pdf\">Kabalsalat hier<\/a>.<\/p>\n<p><a href=\"\/index.php\/gletscherflug\/operation\/gebirgssflugtipps\/typische-unfalle-im-gebirge\/\">weiter<\/a><\/p>\n","protected":false},"excerpt":{"rendered":"<p>Vorsicht auch in den T\u00e4lern, denn sie sind geradezu mit Kabeln verseucht. Fast jedes Jahr sind meist t\u00f6dliche Abst\u00fcrze wegen Kollisionen mit den unsichtbaren Killern zu verzeichnen. Daher ist es ein Gebot der Vernunft, nie zu tief in einem Tal zu fliegen und immer davon auszugehen, dass wo ein Kabel gespannt werden k\u00f6nnte, auch eines &hellip; <\/p>\n<p class=\"link-more\"><a href=\"https:\/\/www.gletschair.li\/index.php\/operation\/gebirgssflugtipps\/kabel\/\" class=\"more-link\"><span class=\"screen-reader-text\">&#171;Kabel&#187;<\/span> weiterlesen<\/a><\/p>\n","protected":false},"author":4,"featured_media":0,"parent":407,"menu_order":50,"comment_status":"closed","ping_status":"closed","template":"","meta":{"ngg_post_thumbnail":0,"footnotes":""},"class_list":["post-429","page","type-page","status-publish","hentry"],"post_mailing_queue_ids":[],"_links":{"self":[{"href":"https:\/\/www.gletschair.li\/index.php\/wp-json\/wp\/v2\/pages\/429","targetHints":{"allow":["GET"]}}],"collection":[{"href":"https:\/\/www.gletschair.li\/index.php\/wp-json\/wp\/v2\/pages"}],"about":[{"href":"https:\/\/www.gletschair.li\/index.php\/wp-json\/wp\/v2\/types\/page"}],"author":[{"embeddable":true,"href":"https:\/\/www.gletschair.li\/index.php\/wp-json\/wp\/v2\/users\/4"}],"replies":[{"embeddable":true,"href":"https:\/\/www.gletschair.li\/index.php\/wp-json\/wp\/v2\/comments?post=429"}],"version-history":[{"count":2,"href":"https:\/\/www.gletschair.li\/index.php\/wp-json\/wp\/v2\/pages\/429\/revisions"}],"predecessor-version":[{"id":6207,"href":"https:\/\/www.gletschair.li\/index.php\/wp-json\/wp\/v2\/pages\/429\/revisions\/6207"}],"up":[{"embeddable":true,"href":"https:\/\/www.gletschair.li\/index.php\/wp-json\/wp\/v2\/pages\/407"}],"wp:attachment":[{"href":"https:\/\/www.gletschair.li\/index.php\/wp-json\/wp\/v2\/media?parent=429"}],"curies":[{"name":"wp","href":"https:\/\/api.w.org\/{rel}","templated":true}]}}