{"id":410,"date":"2009-07-05T21:43:36","date_gmt":"2009-07-05T21:43:36","guid":{"rendered":"http:\/\/wordpress.gletscherflug.ch\/?page_id=410"},"modified":"2019-12-30T17:46:05","modified_gmt":"2019-12-30T16:46:05","slug":"tipps-zum-sicheren-gebirgsflug-einfuhrung","status":"publish","type":"page","link":"https:\/\/www.gletschair.li\/index.php\/operation\/gebirgssflugtipps\/tipps-zum-sicheren-gebirgsflug-einfuhrung\/","title":{"rendered":"Tipps zum sicheren Gebirgsflug Einf\u00fchrung"},"content":{"rendered":"<p>Die Statistik beweist es eindr\u00fccklich; immer wieder verungl\u00fccken vor allem Flachland Piloten, nicht zuletzt aus Deutschland in den Schweizer Alpen. Sie wissen wohl in der Theorie um die speziellen Schwierigkeiten in grossen Flugh\u00e4hen, k\u00f6nnen aber dieses Wissen nicht in die reale Praxis umsetzen.<\/p>\n<p>Nicht umsonst m\u00fcssen Schweizer Piloten zum Erwerb ihres PPL zwei Alpeneinweisungen mit einem Fluglehrer absolvieren. Jedem, der auch nur einmal in seinem Leben die Alpen \u00fcberqueren will, m\u00f6chte ich eine solche Einweisung dringend empfehlen.<\/p>\n<p>Jede Flugschule, an jedem Schweizer Flugplatz verf\u00fcgt \u00fcber daf\u00fcr ausgewiesene Fluglehrer. Nur zwei Tage m\u00fcssen daf\u00fcr geopfert werden. Doch das ist sicher viel besser als sein Leben!<\/p>\n<p><a href=\"\/index.php\/operation\/gebirgssflugtipps\/wetter-routenwahl\/\">weiter<\/a><\/p>\n","protected":false},"excerpt":{"rendered":"<p>Die Statistik beweist es eindr\u00fccklich; immer wieder verungl\u00fccken vor allem Flachland Piloten, nicht zuletzt aus Deutschland in den Schweizer Alpen. Sie wissen wohl in der Theorie um die speziellen Schwierigkeiten in grossen Flugh\u00e4hen, k\u00f6nnen aber dieses Wissen nicht in die reale Praxis umsetzen. Nicht umsonst m\u00fcssen Schweizer Piloten zum Erwerb ihres PPL zwei Alpeneinweisungen mit &hellip; <\/p>\n<p class=\"link-more\"><a href=\"https:\/\/www.gletschair.li\/index.php\/operation\/gebirgssflugtipps\/tipps-zum-sicheren-gebirgsflug-einfuhrung\/\" class=\"more-link\"><span class=\"screen-reader-text\">&#171;Tipps zum sicheren Gebirgsflug Einf\u00fchrung&#187;<\/span> weiterlesen<\/a><\/p>\n","protected":false},"author":4,"featured_media":0,"parent":407,"menu_order":10,"comment_status":"closed","ping_status":"closed","template":"","meta":{"ngg_post_thumbnail":0,"footnotes":""},"class_list":["post-410","page","type-page","status-publish","hentry"],"post_mailing_queue_ids":[],"_links":{"self":[{"href":"https:\/\/www.gletschair.li\/index.php\/wp-json\/wp\/v2\/pages\/410","targetHints":{"allow":["GET"]}}],"collection":[{"href":"https:\/\/www.gletschair.li\/index.php\/wp-json\/wp\/v2\/pages"}],"about":[{"href":"https:\/\/www.gletschair.li\/index.php\/wp-json\/wp\/v2\/types\/page"}],"author":[{"embeddable":true,"href":"https:\/\/www.gletschair.li\/index.php\/wp-json\/wp\/v2\/users\/4"}],"replies":[{"embeddable":true,"href":"https:\/\/www.gletschair.li\/index.php\/wp-json\/wp\/v2\/comments?post=410"}],"version-history":[{"count":3,"href":"https:\/\/www.gletschair.li\/index.php\/wp-json\/wp\/v2\/pages\/410\/revisions"}],"predecessor-version":[{"id":9830,"href":"https:\/\/www.gletschair.li\/index.php\/wp-json\/wp\/v2\/pages\/410\/revisions\/9830"}],"up":[{"embeddable":true,"href":"https:\/\/www.gletschair.li\/index.php\/wp-json\/wp\/v2\/pages\/407"}],"wp:attachment":[{"href":"https:\/\/www.gletschair.li\/index.php\/wp-json\/wp\/v2\/media?parent=410"}],"curies":[{"name":"wp","href":"https:\/\/api.w.org\/{rel}","templated":true}]}}